{"id":358,"date":"2021-03-12T17:05:14","date_gmt":"2021-03-12T16:05:14","guid":{"rendered":"https:\/\/gb.iut-amiens.fr\/?page_id=358"},"modified":"2025-01-10T12:33:44","modified_gmt":"2025-01-10T11:33:44","slug":"temoignages","status":"publish","type":"page","link":"https:\/\/gb.iut-amiens.fr\/?page_id=358","title":{"rendered":"T\u00e9moignages"},"content":{"rendered":"\r\n<h1><span style=\"color: #89be39;\">T\u00e9moignages de nos \u00e9tudiants<\/span><\/h1>\r\n<p>Quelques t\u00e9moignages d&rsquo;\u00e9tudiants parlant de leur passage en <strong>BUT GB<\/strong> (nouvelle appellation du dipl\u00f4me depuis 2021) :<\/p>\r\n\n<div class=\"sp-wrap sp-wrap-yellow\">\n<div class=\"sp-head\" title=\"Expand\">\nVictor (promotion 2021-2024 \/ parcours AGRONOMIE)\n<\/div>\n<div class=\"sp-body folded\">\n<\/p>\n<p><strong>Quel est votre parcours apr\u00e8s le BUT jusqu&rsquo;\u00e0 maintenant :<\/strong><\/p>\n<p><span data-sheets-value=\"{&quot;1&quot;:2,&quot;2&quot;:&quot;Septembre 2021 : entr\u00e9e \u00e0 UniLasalle campus de Beauvais en Alimentation et Sant\u00e9&quot;}\" data-sheets-userformat=\"{&quot;2&quot;:897,&quot;3&quot;:{&quot;1&quot;:0},&quot;10&quot;:1,&quot;11&quot;:4,&quot;12&quot;:0}\">Je suis rentr\u00e9 dans la vie professionnelle en travaillant dans une exploitation agricole et je vais prochainement en devenir le chef.<\/span><\/p>\n<p><strong>D&rsquo;apr\u00e8s vous, quels sont les points positifs de votre formation en BUT GB Amiens :<\/strong><\/p>\n<p><span data-sheets-value=\"{&quot;1&quot;:2,&quot;2&quot;:&quot;Formation r\u00e9ellement professionnalisante, les nombreux TPs nous permettent d'adopter des m\u00e9thodes de travail indispensables comme la rigeur, l'organisation... Le travail d'\u00e9quipe est un des points que j'ai pu le plus d\u00e9velopper, de nombreux projets m'ont permis d'apprendre \u00e0 trouver ma place au sein d'un groupe. Le large panel d'enseignements ouvre de nombreuses portes dans la poursuite d'\u00e9tude, avantageux pour s'orienter vers des formations qui nous correpondent au mieux.&quot;}\" data-sheets-userformat=\"{&quot;2&quot;:897,&quot;3&quot;:{&quot;1&quot;:0},&quot;10&quot;:1,&quot;11&quot;:4,&quot;12&quot;:0}\">L&rsquo;intervention de professionnels ou chercheurs en agronomie pour dispenser la plupart des cours en lien avec l&rsquo;agronomie. <br \/><\/span><span data-sheets-value=\"{&quot;1&quot;:2,&quot;2&quot;:&quot;Formation r\u00e9ellement professionnalisante, les nombreux TPs nous permettent d'adopter des m\u00e9thodes de travail indispensables comme la rigeur, l'organisation... Le travail d'\u00e9quipe est un des points que j'ai pu le plus d\u00e9velopper, de nombreux projets m'ont permis d'apprendre \u00e0 trouver ma place au sein d'un groupe. Le large panel d'enseignements ouvre de nombreuses portes dans la poursuite d'\u00e9tude, avantageux pour s'orienter vers des formations qui nous correpondent au mieux.&quot;}\" data-sheets-userformat=\"{&quot;2&quot;:897,&quot;3&quot;:{&quot;1&quot;:0},&quot;10&quot;:1,&quot;11&quot;:4,&quot;12&quot;:0}\">De plus, la taille des effectifs classe et m\u00eame \u00e0 l&rsquo;IUT permet un meilleur suivi et un meilleur relationnel entre les \u00e9tudiants et les enseignants.<\/span><\/p>\n<p><strong>Quels bons souvenirs gardez-vous de vos ann\u00e9es BUT :<br \/><\/strong><\/p>\n<p><span data-sheets-value=\"{&quot;1&quot;:2,&quot;2&quot;:&quot;Nombreux TPs, rencontres et discussions enrichissantes. Stage de fin d'\u00e9tude tr\u00e8s instructif. Organisation des portes ouvertes\/ forum de l'\u00e9tudiant.&quot;}\" data-sheets-userformat=\"{&quot;2&quot;:897,&quot;3&quot;:{&quot;1&quot;:0},&quot;10&quot;:1,&quot;11&quot;:4,&quot;12&quot;:0}\">Les \u00e9v\u00e9nements et les soir\u00e9es organis\u00e9s par le BDE GB. <br \/>De superbes moments de coh\u00e9sion et une ambiance souvent chaleureuse au sein du d\u00e9partement GB.<\/span><\/p>\n<p><strong>Ce parcours au d\u00e9partement GB d&rsquo;Amiens \u00e9tait-il adapt\u00e9 \u00e0 votre parcours post-BUT?<\/strong><\/p>\n<p><span data-sheets-value=\"{&quot;1&quot;:2,&quot;2&quot;:&quot;Oui tr\u00e8s adapt\u00e9,  beaucoup de connaissances solides dans des domaines vari\u00e9s se rapportant \u00e0 l'agroalimentaire. Des bases acquises d'un point de vue enseignement th\u00e9orique et des m\u00e9thodes\/ fa\u00e7ons de voir les choses, compt\u00e9tences d'analyse, de maitrise tr\u00e8s utiles pour la suite.&quot;}\" data-sheets-userformat=\"{&quot;2&quot;:897,&quot;3&quot;:{&quot;1&quot;:0},&quot;10&quot;:1,&quot;11&quot;:4,&quot;12&quot;:0}\">Un parcours adapt\u00e9 \u00e0 mon projet professionnel, mais qui reste tr\u00e8s scientifique et th\u00e9orique sans exp\u00e9rience professionnelle telle que l&rsquo;alternance.<\/span><\/p>\n<p>\n<div class=\"spdiv\">[collapse]<\/div>\n<\/div>\n<\/div>\n\r\n\n<div class=\"sp-wrap sp-wrap-green\">\n<div class=\"sp-head\" title=\"Expand\">\nMathilde (promotion 2021-2024 \/ parcours SAB)\n<\/div>\n<div class=\"sp-body folded\">\n<\/p>\n<p><strong>Quel est votre parcours apr\u00e8s le BUT jusqu&rsquo;\u00e0 maintenant :<\/strong><\/p>\n<p><span data-sheets-value=\"{&quot;1&quot;:2,&quot;2&quot;:&quot;Septembre 2021 : entr\u00e9e \u00e0 UniLasalle campus de Beauvais en Alimentation et Sant\u00e9&quot;}\" data-sheets-userformat=\"{&quot;2&quot;:897,&quot;3&quot;:{&quot;1&quot;:0},&quot;10&quot;:1,&quot;11&quot;:4,&quot;12&quot;:0}\">Je suis actuellement en master SQHE \u00e0 Reims en alternance, je travaille chez Argedis (filiale de Total Energies) en tant qu&rsquo;assistante HACCP.<\/span><\/p>\n<p><strong>D&rsquo;apr\u00e8s vous, quels sont les points positifs de votre formation en BUT GB Amiens :<\/strong><\/p>\n<p>La diversit\u00e9 des domaines \u00e9tudi\u00e9s, ainsi que la sp\u00e9cialisation dans les domaines de l&rsquo;industrie alimentaire (en SAB). <br \/>La microbiologie alimentaire assez d\u00e9taill\u00e9e que j&rsquo;ai personnellement ador\u00e9.<\/p>\n<p><strong>Quels bons souvenirs gardez-vous de vos ann\u00e9es BUT :<br \/><\/strong><\/p>\n<p><span data-sheets-value=\"{&quot;1&quot;:2,&quot;2&quot;:&quot;Nombreux TPs, rencontres et discussions enrichissantes. Stage de fin d'\u00e9tude tr\u00e8s instructif. Organisation des portes ouvertes\/ forum de l'\u00e9tudiant.&quot;}\" data-sheets-userformat=\"{&quot;2&quot;:897,&quot;3&quot;:{&quot;1&quot;:0},&quot;10&quot;:1,&quot;11&quot;:4,&quot;12&quot;:0}\">La bonne humeur de certains profs, des rencontres sympas et un bon BDE qui organisait plein de trucs cools (soir\u00e9e, match de hockey, sweat de promo, &#8230;)<\/span><\/p>\n<p><strong>Ce parcours au d\u00e9partement GB d&rsquo;Amiens \u00e9tait-il adapt\u00e9 \u00e0 votre parcours post-BUT?<\/strong><\/p>\n<p><span data-sheets-value=\"{&quot;1&quot;:2,&quot;2&quot;:&quot;Oui tr\u00e8s adapt\u00e9,  beaucoup de connaissances solides dans des domaines vari\u00e9s se rapportant \u00e0 l'agroalimentaire. Des bases acquises d'un point de vue enseignement th\u00e9orique et des m\u00e9thodes\/ fa\u00e7ons de voir les choses, compt\u00e9tences d'analyse, de maitrise tr\u00e8s utiles pour la suite.&quot;}\" data-sheets-userformat=\"{&quot;2&quot;:897,&quot;3&quot;:{&quot;1&quot;:0},&quot;10&quot;:1,&quot;11&quot;:4,&quot;12&quot;:0}\">Etant donn\u00e9 que je n&rsquo;avais pas de projet d\u00e9fini, j&rsquo;ai adapt\u00e9 mon projet post BUT au BUT lui-m\u00eame ; mais je pense qu&rsquo;il m&rsquo;a permis de savoir ce que je voulais faire. <br \/>Je pense que le BUT est bien d\u00e9taill\u00e9 et pr\u00e9pare bien \u00e0 l&rsquo;entr\u00e9e en master. <br \/>De plus, la possibilit\u00e9 de faire de l&rsquo;alternance permet d&rsquo;appr\u00e9hender le monde du travail et apporte un vrai plus pour un CDI. <\/span><\/p>\n<p>\n<div class=\"spdiv\">[collapse]<\/div>\n<\/div>\n<\/div>\n\r\n\n<div class=\"sp-wrap sp-wrap-yellow\">\n<div class=\"sp-head\" title=\"Expand\">\nHerluin (promotion 2021-2024 \/ parcours AGRONOMIE)\n<\/div>\n<div class=\"sp-body folded\">\n<\/p>\n<p><strong>Quel est votre parcours apr\u00e8s le BUT jusqu&rsquo;\u00e0 maintenant :<\/strong><\/p>\n<p><span data-sheets-value=\"{&quot;1&quot;:2,&quot;2&quot;:&quot;Septembre 2021 : entr\u00e9e \u00e0 UniLasalle campus de Beauvais en Alimentation et Sant\u00e9&quot;}\" data-sheets-userformat=\"{&quot;2&quot;:897,&quot;3&quot;:{&quot;1&quot;:0},&quot;10&quot;:1,&quot;11&quot;:4,&quot;12&quot;:0}\">\u00c9l\u00e8ve ing\u00e9nieur fonctionnaire \u00e0 l&rsquo;Institut Agro de Dijon, j&rsquo;ai la particularit\u00e9 d&rsquo;\u00eatre pay\u00e9 pendant ma formation et de ne payer aucun frais de scolarit\u00e9 (sans avoir de p\u00e9riode d&rsquo;alternance). <br \/>Un emploi m&rsquo;est garanti \u00e0 l&rsquo;obtention du dipl\u00f4me dans un service public (DRAAF, DDT, INRAE, doctorat, minist\u00e8re de l&rsquo;Agriculture, &#8230;). <br \/>Je pourrais aussi rejoindre l&rsquo;\u00e9cole de la for\u00eat de Nancy l&rsquo;an prochain (DRAAF, ONF, &#8230;).<\/span><\/p>\n<p><strong>D&rsquo;apr\u00e8s vous, quels sont les points positifs de votre formation en BUT GB Amiens :<\/strong><\/p>\n<p>Beaucoup de mati\u00e8res abord\u00e9es donc on peut s&rsquo;orienter vers beaucoup de m\u00e9tiers ou formations diff\u00e9rentes. <br \/>Un niveau largement suffisant pour int\u00e9grer une \u00e9cole d&rsquo;ing\u00e9nieur ou un master. <br \/>La possibilit\u00e9 d&rsquo;aller \u00e0 l&rsquo;\u00e9tranger pour le stage de 2\u00e8me ou 3\u00e8me ann\u00e9e ; je suis personnellement all\u00e9 en Belgique.<\/p>\n<p><strong>Quels bons souvenirs gardez-vous de vos ann\u00e9es BUT :<br \/><\/strong><\/p>\n<p><span data-sheets-value=\"{&quot;1&quot;:2,&quot;2&quot;:&quot;Nombreux TPs, rencontres et discussions enrichissantes. Stage de fin d'\u00e9tude tr\u00e8s instructif. Organisation des portes ouvertes\/ forum de l'\u00e9tudiant.&quot;}\" data-sheets-userformat=\"{&quot;2&quot;:897,&quot;3&quot;:{&quot;1&quot;:0},&quot;10&quot;:1,&quot;11&quot;:4,&quot;12&quot;:0}\">Une tr\u00e8s bonne ambiance car les promos sont assez petites et la ville d&rsquo;Amiens est tr\u00e8s sympa.<\/span><\/p>\n<p><strong>Ce parcours au d\u00e9partement GB d&rsquo;Amiens \u00e9tait-il adapt\u00e9 \u00e0 votre parcours post-BUT?<\/strong><\/p>\n<p><span data-sheets-value=\"{&quot;1&quot;:2,&quot;2&quot;:&quot;Oui tr\u00e8s adapt\u00e9,  beaucoup de connaissances solides dans des domaines vari\u00e9s se rapportant \u00e0 l'agroalimentaire. Des bases acquises d'un point de vue enseignement th\u00e9orique et des m\u00e9thodes\/ fa\u00e7ons de voir les choses, compt\u00e9tences d'analyse, de maitrise tr\u00e8s utiles pour la suite.&quot;}\" data-sheets-userformat=\"{&quot;2&quot;:897,&quot;3&quot;:{&quot;1&quot;:0},&quot;10&quot;:1,&quot;11&quot;:4,&quot;12&quot;:0}\">Le fait d&rsquo;avoir eu beaucoup de mati\u00e8res diff\u00e9rentes fait qu&rsquo;on a peu de lacunes. <br \/>On a \u00e9t\u00e9 habitu\u00e9 \u00e0 faire des projets et travailler en groupe, ce qui est beaucoup demand\u00e9 en \u00e9cole. <br \/>Dans les mati\u00e8res comme la physique ou la chimie, je suis dans une \u00e9cole o\u00f9 on choisit d\u00e8s la 1\u00e8re ann\u00e9e entre agronomie et agroalimentaire, donc la diff\u00e9rence ne se ressent pas. <br \/>On a un profil super int\u00e9ressant pour trouver des stages, en particulier en 2\u00e8me et 3\u00e8me ann\u00e9e.<\/span><\/p>\n<p>\n<div class=\"spdiv\">[collapse]<\/div>\n<\/div>\n<\/div>\n\r\n\n<div class=\"sp-wrap sp-wrap-green\">\n<div class=\"sp-head\" title=\"Expand\">\nEdwige (promotion 2021-2024 \/ parcours SAB)\n<\/div>\n<div class=\"sp-body folded\">\n<\/p>\n<p><strong>Quel est votre parcours apr\u00e8s le BUT jusqu&rsquo;\u00e0 maintenant :<\/strong><\/p>\n<p><span data-sheets-value=\"{&quot;1&quot;:2,&quot;2&quot;:&quot;Septembre 2021 : entr\u00e9e \u00e0 UniLasalle campus de Beauvais en Alimentation et Sant\u00e9&quot;}\" data-sheets-userformat=\"{&quot;2&quot;:897,&quot;3&quot;:{&quot;1&quot;:0},&quot;10&quot;:1,&quot;11&quot;:4,&quot;12&quot;:0}\">J&rsquo;ai \u00e9t\u00e9 embauch\u00e9e en CDD au sein de l&rsquo;entreprise dans laquelle j&rsquo;ai r\u00e9alis\u00e9 mon alternance, en tant que technicienne de d\u00e9veloppement en Biotechnologies et Down Stream Process.<\/span><\/p>\n<p><strong>D&rsquo;apr\u00e8s vous, quels sont les points positifs de votre formation en BUT GB Amiens :<\/strong><\/p>\n<p>Le premier point positif est pour moi la diversit\u00e9 des enseignements propos\u00e9s, ce qui me permet d&rsquo;avoir un large spectre de connaissances.<br \/>Ensuite, le grand nombre d&rsquo;heures de travaux pratiques, les stages et l&rsquo;alternance lors de ma derni\u00e8re ann\u00e9e, m&rsquo;ont permis d&rsquo;acqu\u00e9rir de nombreuses comp\u00e9tences et notamment de l&rsquo;autonomie. <br \/>Les situations d&rsquo;apprentissage et d&rsquo;\u00e9valuations m&rsquo;ont permis de pouvoir mettre en application les cours appris et \u00e9galement de sortir de ma zone de confort et de donner le meilleur de moi.<\/p>\n<p><strong>Quels bons souvenirs gardez-vous de vos ann\u00e9es BUT :<br \/><\/strong><\/p>\n<p><span data-sheets-value=\"{&quot;1&quot;:2,&quot;2&quot;:&quot;Nombreux TPs, rencontres et discussions enrichissantes. Stage de fin d'\u00e9tude tr\u00e8s instructif. Organisation des portes ouvertes\/ forum de l'\u00e9tudiant.&quot;}\" data-sheets-userformat=\"{&quot;2&quot;:897,&quot;3&quot;:{&quot;1&quot;:0},&quot;10&quot;:1,&quot;11&quot;:4,&quot;12&quot;:0}\">L&rsquo;accompagnement et la bienveillance des enseignants, mais surtout la coh\u00e9sion et l&rsquo;entraide avec les autres \u00e9l\u00e8ves de mon groupe.<\/span><\/p>\n<p><strong>Ce parcours au d\u00e9partement GB d&rsquo;Amiens \u00e9tait-il adapt\u00e9 \u00e0 votre parcours post-BUT?<\/strong><\/p>\n<p><span data-sheets-value=\"{&quot;1&quot;:2,&quot;2&quot;:&quot;Oui tr\u00e8s adapt\u00e9,  beaucoup de connaissances solides dans des domaines vari\u00e9s se rapportant \u00e0 l'agroalimentaire. Des bases acquises d'un point de vue enseignement th\u00e9orique et des m\u00e9thodes\/ fa\u00e7ons de voir les choses, compt\u00e9tences d'analyse, de maitrise tr\u00e8s utiles pour la suite.&quot;}\" data-sheets-userformat=\"{&quot;2&quot;:897,&quot;3&quot;:{&quot;1&quot;:0},&quot;10&quot;:1,&quot;11&quot;:4,&quot;12&quot;:0}\">Pour moi ce parcours est totalement adapt\u00e9 \u00e0 mon projet post BUT. <br \/>En effet c&rsquo;est gr\u00e2ce aux enseignements de microbiologie, de g\u00e9nie des proc\u00e9d\u00e9s et de chimie, que j&rsquo;ai pu acqu\u00e9rir les comp\u00e9tences n\u00e9cessaires au poste que j&rsquo;occupe actuellement. <br \/>La partie sciences des aliments, m&rsquo;a permis de conna\u00eetre la d\u00e9marche \u00e0 suivre en cas de production alimentaire. <br \/>La possibilit\u00e9 de r\u00e9aliser ma troisi\u00e8me ann\u00e9e en alternance, m&rsquo;a permis de prendre confiance en moi et m&rsquo;a aid\u00e9 \u00e0 entrer plus rapidement dans le milieu professionnel. <\/span><\/p>\n<p>\n<div class=\"spdiv\">[collapse]<\/div>\n<\/div>\n<\/div>\n\r\n\n<div class=\"sp-wrap sp-wrap-yellow\">\n<div class=\"sp-head\" title=\"Expand\">\nNicolas (promotion 2021-2024 \/ parcours AGRONOMIE)\n<\/div>\n<div class=\"sp-body folded\">\n<\/p>\n<p><strong>Quel est votre parcours apr\u00e8s le BUT jusqu&rsquo;\u00e0 maintenant :<\/strong><\/p>\n<p><span data-sheets-value=\"{&quot;1&quot;:2,&quot;2&quot;:&quot;Septembre 2021 : entr\u00e9e \u00e0 UniLasalle campus de Beauvais en Alimentation et Sant\u00e9&quot;}\" data-sheets-userformat=\"{&quot;2&quot;:897,&quot;3&quot;:{&quot;1&quot;:0},&quot;10&quot;:1,&quot;11&quot;:4,&quot;12&quot;:0}\">Actuellement en 3\u00e8me ann\u00e9e Ing\u00e9nieur Agronomie et Agro industries \u00e0 UniLaSalle Beauvais. <br \/>Je r\u00e9alise ce cursus en apprentissage, je suis apprenti charg\u00e9 de relation culture dans une coop\u00e9rative agricole.<\/span><\/p>\n<p><strong>D&rsquo;apr\u00e8s vous, quels sont les points positifs de votre formation en BUT GB Amiens :<\/strong><\/p>\n<p>Je viens d\u2019un BAC STAV, et franchement, je pensais que les mati\u00e8res scientifiques comme la chimie, la biologie cellulaire ou les statistiques allaient \u00eatre un peu compliqu\u00e9es pour moi. <br \/>Au final, j\u2019ai r\u00e9ussi \u00e0 bien accrocher \u00e0 ces mati\u00e8res. <br \/>Mes notes n\u2019\u00e9taient pas incroyables, mais globalement, c\u2019\u00e9tait plut\u00f4t satisfaisant. <br \/>Quand on a commenc\u00e9 les cours d\u2019agronomie, au d\u00e9but, c\u2019\u00e9tait assez facile parce qu\u2019on revoyait surtout les bases que j\u2019avais d\u00e9j\u00e0 vues au lyc\u00e9e. Mais assez vite, des notions nouvelles sont arriv\u00e9es. <br \/>En premi\u00e8re ann\u00e9e, les nombreux TP permettaient de mettre en pratique ce que l\u2019on voyait en CM. <br \/>Et en deuxi\u00e8me et troisi\u00e8me ann\u00e9e, les TP sont devenus encore plus int\u00e9ressants, car ils \u00e9taient li\u00e9s \u00e0 des projets concrets. <br \/>Et puis, il y a les SAE : ces projets de groupe o\u00f9 on bosse sur plein de comp\u00e9tences diff\u00e9rentes. Franchement, c\u2019est un vrai plus pour le BUT !<br \/>Enfin, les stages, car je n&rsquo;\u00e9tais pas alternant en BUT, permettent de voir l&rsquo;\u00e9volution des comp\u00e9tences acquises et demand\u00e9es au cours des trois ann\u00e9es. De plus, c&rsquo;est l&rsquo;occasion de tester diff\u00e9rents secteurs d&rsquo;activit\u00e9 si vous ne savez pas trop vers o\u00f9 vous orienter plus tard !<\/p>\n<p><strong>Quels bons souvenirs gardez-vous de vos ann\u00e9es BUT :<br \/><\/strong><\/p>\n<p><span data-sheets-value=\"{&quot;1&quot;:2,&quot;2&quot;:&quot;Nombreux TPs, rencontres et discussions enrichissantes. Stage de fin d'\u00e9tude tr\u00e8s instructif. Organisation des portes ouvertes\/ forum de l'\u00e9tudiant.&quot;}\" data-sheets-userformat=\"{&quot;2&quot;:897,&quot;3&quot;:{&quot;1&quot;:0},&quot;10&quot;:1,&quot;11&quot;:4,&quot;12&quot;:0}\">Pas tr\u00e8s original, mais ce qui m&rsquo;a marqu\u00e9, c&rsquo;est l&rsquo;ambiance entre les promotions, les soir\u00e9es, et la belle ville d&rsquo;Amiens !<\/span><\/p>\n<p><strong>Ce parcours au d\u00e9partement GB d&rsquo;Amiens \u00e9tait-il adapt\u00e9 \u00e0 votre parcours post-BUT?<\/strong><\/p>\n<p><span data-sheets-value=\"{&quot;1&quot;:2,&quot;2&quot;:&quot;Oui tr\u00e8s adapt\u00e9,  beaucoup de connaissances solides dans des domaines vari\u00e9s se rapportant \u00e0 l'agroalimentaire. Des bases acquises d'un point de vue enseignement th\u00e9orique et des m\u00e9thodes\/ fa\u00e7ons de voir les choses, compt\u00e9tences d'analyse, de maitrise tr\u00e8s utiles pour la suite.&quot;}\" data-sheets-userformat=\"{&quot;2&quot;:897,&quot;3&quot;:{&quot;1&quot;:0},&quot;10&quot;:1,&quot;11&quot;:4,&quot;12&quot;:0}\">Parfaitement adapt\u00e9, c\u2019est d\u2019ailleurs la raison pour laquelle j\u2019avais choisi le BUT GB apr\u00e8s le lyc\u00e9e. <br \/>En effet, je ne savais pas si j\u2019allais arr\u00eater mes \u00e9tudes \u00e0 la fin du BUT ou les poursuivre ; avec ce dipl\u00f4me, les deux options sont possibles, ce qui repr\u00e9sente une v\u00e9ritable force ! <br \/>Concernant UniLaSalle Beauvais, le niveau acquis en BUT est largement suffisant pour int\u00e9grer le cycle ing\u00e9nieur, notamment gr\u00e2ce aux points forts en statistiques, RStudio, synth\u00e8se bibliographique avec Zotero, etc. <br \/>Et les nouvelles notions en \u00e9cole d\u2019ing\u00e9nieur ne n\u00e9cessitent pas de pr\u00e9requis colossaux. Il faut \u00eatre curieux, ne pas se contenter d\u2019\u00e9couter, mais aussi se faire son propre avis, et si possible, \u00eatre passionn\u00e9, car cela aide d\u00e9j\u00e0 \u00e9norm\u00e9ment \ud83d\ude09<\/span><\/p>\n<p>\n<div class=\"spdiv\">[collapse]<\/div>\n<\/div>\n<\/div>\n\r\n","protected":false},"excerpt":{"rendered":"<p>T\u00e9moignages de nos \u00e9tudiants Quelques t\u00e9moignages d&rsquo;\u00e9tudiants parlant de leur passage en BUT GB (nouvelle appellation du dipl\u00f4me depuis 2021) &hellip; <\/p>\n","protected":false},"author":1,"featured_media":0,"parent":0,"menu_order":0,"comment_status":"closed","ping_status":"closed","template":"","meta":{"footnotes":""},"class_list":["post-358","page","type-page","status-publish","hentry"],"_links":{"self":[{"href":"https:\/\/gb.iut-amiens.fr\/index.php?rest_route=\/wp\/v2\/pages\/358","targetHints":{"allow":["GET"]}}],"collection":[{"href":"https:\/\/gb.iut-amiens.fr\/index.php?rest_route=\/wp\/v2\/pages"}],"about":[{"href":"https:\/\/gb.iut-amiens.fr\/index.php?rest_route=\/wp\/v2\/types\/page"}],"author":[{"embeddable":true,"href":"https:\/\/gb.iut-amiens.fr\/index.php?rest_route=\/wp\/v2\/users\/1"}],"replies":[{"embeddable":true,"href":"https:\/\/gb.iut-amiens.fr\/index.php?rest_route=%2Fwp%2Fv2%2Fcomments&post=358"}],"version-history":[{"count":44,"href":"https:\/\/gb.iut-amiens.fr\/index.php?rest_route=\/wp\/v2\/pages\/358\/revisions"}],"predecessor-version":[{"id":1095,"href":"https:\/\/gb.iut-amiens.fr\/index.php?rest_route=\/wp\/v2\/pages\/358\/revisions\/1095"}],"wp:attachment":[{"href":"https:\/\/gb.iut-amiens.fr\/index.php?rest_route=%2Fwp%2Fv2%2Fmedia&parent=358"}],"curies":[{"name":"wp","href":"https:\/\/api.w.org\/{rel}","templated":true}]}}