{"id":519,"date":"2022-03-01T16:47:25","date_gmt":"2022-03-01T15:47:25","guid":{"rendered":"https:\/\/gb.iut-amiens.fr\/?page_id=519"},"modified":"2024-02-07T09:47:05","modified_gmt":"2024-02-07T08:47:05","slug":"quiz-du-departement-genie-biologique-damiens","status":"publish","type":"page","link":"https:\/\/gb.iut-amiens.fr\/?page_id=519","title":{"rendered":"QUIZ du d\u00e9partement G\u00e9nie Biologique d&rsquo;Amiens"},"content":{"rendered":"<p style=\"text-align: center;\"><div class=\"ads-custom-box custom-box \" style=\"border-color:#89be39;\"><div class=\"ads-custom-box-title\" style=\"color:#89be39;\"><strong>QUIZ BUT GB<\/strong><\/div><div class=\"ads-custom-box-content\">Entra\u00eenez-vous en r\u00e9pondant \u00e0 ce quiz d&rsquo;une vingtaine de questions, afin de tester vos connaissances dans diff\u00e9rents th\u00e8mes pr\u00e9-requis au BUT G\u00e9nie Biologique (parcours Agronomie ou SAB)<\/p>\n<p><div class = \"hdq_quiz_wrapper\"><a href = \"https:\/\/gb.iut-amiens.fr\/?page_id=519\" rel=\"noamphtml\" class = \"hdq_quiz_start hdq_button button\" role = \"button\">D\u00e9marrer le quiz<\/a><\/div><\/div><\/div><\/p>\n","protected":false},"excerpt":{"rendered":"","protected":false},"author":1,"featured_media":0,"parent":0,"menu_order":0,"comment_status":"closed","ping_status":"closed","template":"","meta":{"footnotes":""},"class_list":["post-519","page","type-page","status-publish","hentry"],"_links":{"self":[{"href":"https:\/\/gb.iut-amiens.fr\/index.php?rest_route=\/wp\/v2\/pages\/519","targetHints":{"allow":["GET"]}}],"collection":[{"href":"https:\/\/gb.iut-amiens.fr\/index.php?rest_route=\/wp\/v2\/pages"}],"about":[{"href":"https:\/\/gb.iut-amiens.fr\/index.php?rest_route=\/wp\/v2\/types\/page"}],"author":[{"embeddable":true,"href":"https:\/\/gb.iut-amiens.fr\/index.php?rest_route=\/wp\/v2\/users\/1"}],"replies":[{"embeddable":true,"href":"https:\/\/gb.iut-amiens.fr\/index.php?rest_route=%2Fwp%2Fv2%2Fcomments&post=519"}],"version-history":[{"count":8,"href":"https:\/\/gb.iut-amiens.fr\/index.php?rest_route=\/wp\/v2\/pages\/519\/revisions"}],"predecessor-version":[{"id":530,"href":"https:\/\/gb.iut-amiens.fr\/index.php?rest_route=\/wp\/v2\/pages\/519\/revisions\/530"}],"wp:attachment":[{"href":"https:\/\/gb.iut-amiens.fr\/index.php?rest_route=%2Fwp%2Fv2%2Fmedia&parent=519"}],"curies":[{"name":"wp","href":"https:\/\/api.w.org\/{rel}","templated":true}]}}