{"id":798,"date":"2023-11-30T10:59:52","date_gmt":"2023-11-30T09:59:52","guid":{"rendered":"https:\/\/gb.iut-amiens.fr\/?page_id=798"},"modified":"2024-09-09T10:45:20","modified_gmt":"2024-09-09T08:45:20","slug":"alternance-faq","status":"publish","type":"page","link":"https:\/\/gb.iut-amiens.fr\/?page_id=798","title":{"rendered":"Alternance"},"content":{"rendered":"\r\n<h2 class=\"has-black-color has-text-color wp-block-heading\"><strong>L&rsquo;alternance au d\u00e9partement G\u00e9nie Biologique de l&rsquo;IUT d&rsquo;Amiens<br \/><\/strong><\/h2>\r\n\r\n\r\n\r\n<p>Depuis la rentr\u00e9e 2022, l\u2019IUT d\u2019Amiens offre aux \u00e9tudiants la possibilit\u00e9 de suivre en alternance le parcours <strong>Agronomie<\/strong> en BUT2 ou en BUT3.<br \/>Pour la rentr\u00e9e 2024 du parcours <strong>Agronomie en alternance<\/strong>, vous pouvez retrouver l&rsquo;organisation selon <a href=\"https:\/\/gb.iut-amiens.fr\/wp-content\/uploads\/2024\/09\/calendrier-alternance-24-26-AGRO.pdf\" target=\"_blank\" rel=\"noopener\"><span style=\"color: #89be39;\">ce calendrier<\/span><\/a>.<\/p>\r\n<p>D\u00e8s la rentr\u00e9e 2023, cette possibilit\u00e9 s&rsquo;ouvre \u00e9galement aux \u00e9tudiants suivant le parcours <strong>Science de l&rsquo;Aliment et Biotechnologie (SAB)<\/strong>, \u00e9galement en BUT2 et en BUT3.<br \/>Pour la rentr\u00e9e 2024 du parcours <strong>SAB en alternance<\/strong>, vous pouvez retrouver l&rsquo;organisation selon <a href=\"https:\/\/gb.iut-amiens.fr\/wp-content\/uploads\/2024\/09\/calendrier-alternance-24-26-SAB.pdf\" target=\"_blank\" rel=\"noopener\"><span style=\"color: #546223;\">ce calendrier<\/span><\/a>.<\/p>\r\n\r\n<div class=\"hr-fade \"><\/div>\r\n\r\n\r\n\r\n<p class=\"has-red-color has-text-color\"><em><strong>Alternance G\u00e9nie Biologique &#8211; Science de l&rsquo;Aliment et Biotechnologie<br \/><\/strong><\/em><\/p>\r\n\r\n\r\n\r\n\r\n\r\n<div class=\"wp-block-buttons is-layout-flex wp-block-buttons-is-layout-flex\">\r\n<div class=\"wp-block-button is-style-fill\"><a class=\"wp-block-button__link has-white-color has-text-color has-background\" style=\"background-color: #89be39;\" href=\"https:\/\/gb.iut-amiens.fr\/?page_id=149\"><span style=\"color: #ffffff;\">Parcours SAB<\/span><\/a><\/div>\r\n<\/div>\r\n\r\n\r\n\r\n\r\n\r\n<div class=\"hr-fade \"><\/div>\r\n<p><em><strong>Alternance G\u00e9nie Biologique &#8211; Agronomie<\/strong><\/em><\/p>\r\n\r\n\r\n\r\n\r\n\r\n<div class=\"wp-block-buttons is-layout-flex wp-block-buttons-is-layout-flex\">\r\n<div class=\"wp-block-button is-style-fill\"><a class=\"wp-block-button__link has-background\" style=\"background-color: #89be39;\" href=\"https:\/\/gb.iut-amiens.fr\/?page_id=160\"><span style=\"color: #ffffff;\">Parcours Agro<\/span><\/a><\/div>\r\n<\/div>\r\n<div class=\"hr-fade \"><\/div>\r\n\r\n\r\n\r\n\r\n\r\n\r\n\r\n<div class=\"tds-message-box box-info \"><\/p>\r\n<h2><span style=\"color: #89be39;\">Questions fr\u00e9quentes \u00e0 propos de l&rsquo;alternance<br \/><\/span><\/h2>\r\n<p><\/div>\r\n<div id=\"faq-964\" class=\"arconix-faq-wrap\"><div id=\"faq-Leprogrammeest-illemmeenformationinitialeetenformationparapprentissage\" class=\"arconix-faq-title faq-closed\">Le programme est-il le m\u00eame en formation initiale et en formation par apprentissage ?<\/div><div class=\"arconix-faq-content faq-closed\">Oui, le programme est le m\u00eame, mais suivi \u00e0 hauteur de 80% par les apprentis ; les 20 % restants sont compens\u00e9s gr\u00e2ce aux apprentissages en entreprise.<\/div><\/div>\r\n<div id=\"faq-966\" class=\"arconix-faq-wrap\"><div id=\"faq-Y-a-t-ilungelimitepourdevenirapprenti\" class=\"arconix-faq-title faq-closed\">Y-a-t-il un \u00e2ge limite pour devenir apprenti ?<\/div><div class=\"arconix-faq-content faq-closed\"><p>Il faut avoir moins de 26 ans ; au-del\u00e0 de 26 ans, il est possible d\u2019avoir un contrat de professionnalisation.<\/p>\n<\/div><\/div>\r\n<div id=\"faq-968\" class=\"arconix-faq-wrap\"><div id=\"faq-Quelssontlespr-requisncessairespourintgreruneformationenapprentissage\" class=\"arconix-faq-title faq-closed\">Quels sont les pr\u00e9-requis n\u00e9cessaires pour int\u00e9grer une formation en apprentissage ?<\/div><div class=\"arconix-faq-content faq-closed\"><ul>\n<li>Si l&rsquo;int\u00e9gration se fait en BUT 2 : validation du BUT 1 GB (ou d\u2019un \u00e9quivalent BAC +1 ou BAC +2 dans un domaine similaire)<\/li>\n<li>Si l&rsquo;int\u00e9gration se fait en BUT 3 : validation du BUT 2 GB (ou d\u2019un \u00e9quivalent BAC +2 ou 3 dans un domaine similaire)<\/li>\n<\/ul>\n<p>Des entretiens seront mis en place pour valider les pr\u00e9-requis<\/p>\n<\/div><\/div>\r\n<div id=\"faq-970\" class=\"arconix-faq-wrap\"><div id=\"faq-Est-celapprentidetrouversonentreprisedaccueil\" class=\"arconix-faq-title faq-closed\">Est-ce \u00e0 l\u2019apprenti de trouver son entreprise d\u2019accueil ?<\/div><div class=\"arconix-faq-content faq-closed\"><p>Oui, c\u2019est \u00e0 l\u2019apprenti de trouver son entreprise d\u2019accueil. Il est toutefois aid\u00e9 par le service apprentissage de l\u2019IUT.<\/p>\n<\/div><\/div>\r\n<div id=\"faq-972\" class=\"arconix-faq-wrap\"><div id=\"faq-Aquelorganismedescuritsocialeunapprentidoit-iladhrer\" class=\"arconix-faq-title faq-closed\">A quel organisme de s\u00e9curit\u00e9 sociale un apprenti doit-il adh\u00e9rer ?<\/div><div class=\"arconix-faq-content faq-closed\"><p>Un apprenti doit adh\u00e9rer \u00e0 l\u2019organisme de s\u00e9curit\u00e9 sociale de l\u2019entreprise dans laquelle il se trouve.<\/p>\n<\/div><\/div>\r\n<div id=\"faq-974\" class=\"arconix-faq-wrap\"><div id=\"faq-Quellermunrationvais-jeobtenirencontratdapprentissage\" class=\"arconix-faq-title faq-closed\">Quelle r\u00e9mun\u00e9ration vais-je obtenir en contrat d\u2019apprentissage ?<\/div><div class=\"arconix-faq-content faq-closed\"><ul>\n<li>Si j\u2019ai moins de 21 ans\u00a0 et que je suis en :\n<ul>\n<li>2\u00e8me ann\u00e9e BUT : 49 % du smic<\/li>\n<li>3\u00e8me ann\u00e9e BUT : 65 % du smic<\/li>\n<\/ul>\n<\/li>\n<\/ul>\n<ul>\n<li>Si j\u2019ai 21 ans et +\u00a0et que je suis en :\n<ul>\n<li>2\u00e8me ann\u00e9e BUT : 61 % du smic<\/li>\n<li>3\u00e8me ann\u00e9e BUT : 78 % du smic<\/li>\n<\/ul>\n<\/li>\n<\/ul>\n<\/div><\/div>\r\n<div id=\"faq-976\" class=\"arconix-faq-wrap\"><div id=\"faq-Aurais-jetoujoursledroitauxvacancesscolairessijesuisapprenti\" class=\"arconix-faq-title faq-closed\">Aurais-je toujours le droit aux vacances scolaires si je suis apprenti ?<\/div><div class=\"arconix-faq-content faq-closed\"><p>Non, vous n\u2019aurez plus le droit aux vacances scolaires. En tant que salari\u00e9, vous b\u00e9n\u00e9ficierez de 5 semaines de vacances, selon votre convention.<\/p>\n<\/div><\/div>\r\n<div id=\"faq-978\" class=\"arconix-faq-wrap\"><div id=\"faq-Est-cequunBUTenapprentissageestreconnuaummetitrequunBUTenformationinitiale\" class=\"arconix-faq-title faq-closed\">Est-ce qu\u2019un BUT en apprentissage est reconnu au m\u00eame titre qu\u2019un BUT en formation initiale ?<\/div><div class=\"arconix-faq-content faq-closed\"><p>Oui, un BUT en apprentissage est reconnu au m\u00eame titre qu\u2019un BUT en formation initiale.<\/p>\n<\/div><\/div>\r\n","protected":false},"excerpt":{"rendered":"<p>L&rsquo;alternance au d\u00e9partement G\u00e9nie Biologique de l&rsquo;IUT d&rsquo;Amiens Depuis la rentr\u00e9e 2022, l\u2019IUT d\u2019Amiens offre aux \u00e9tudiants la possibilit\u00e9 de &hellip; <\/p>\n","protected":false},"author":1,"featured_media":0,"parent":0,"menu_order":0,"comment_status":"closed","ping_status":"closed","template":"","meta":{"footnotes":""},"class_list":["post-798","page","type-page","status-publish","hentry"],"_links":{"self":[{"href":"https:\/\/gb.iut-amiens.fr\/index.php?rest_route=\/wp\/v2\/pages\/798","targetHints":{"allow":["GET"]}}],"collection":[{"href":"https:\/\/gb.iut-amiens.fr\/index.php?rest_route=\/wp\/v2\/pages"}],"about":[{"href":"https:\/\/gb.iut-amiens.fr\/index.php?rest_route=\/wp\/v2\/types\/page"}],"author":[{"embeddable":true,"href":"https:\/\/gb.iut-amiens.fr\/index.php?rest_route=\/wp\/v2\/users\/1"}],"replies":[{"embeddable":true,"href":"https:\/\/gb.iut-amiens.fr\/index.php?rest_route=%2Fwp%2Fv2%2Fcomments&post=798"}],"version-history":[{"count":64,"href":"https:\/\/gb.iut-amiens.fr\/index.php?rest_route=\/wp\/v2\/pages\/798\/revisions"}],"predecessor-version":[{"id":1078,"href":"https:\/\/gb.iut-amiens.fr\/index.php?rest_route=\/wp\/v2\/pages\/798\/revisions\/1078"}],"wp:attachment":[{"href":"https:\/\/gb.iut-amiens.fr\/index.php?rest_route=%2Fwp%2Fv2%2Fmedia&parent=798"}],"curies":[{"name":"wp","href":"https:\/\/api.w.org\/{rel}","templated":true}]}}