{"id":85,"date":"2021-02-08T16:43:46","date_gmt":"2021-02-08T15:43:46","guid":{"rendered":"http:\/\/gb.iut-amiens.fr\/?page_id=85"},"modified":"2024-06-06T11:43:36","modified_gmt":"2024-06-06T09:43:36","slug":"b-u-t-genie-biologique","status":"publish","type":"page","link":"https:\/\/gb.iut-amiens.fr\/?page_id=85","title":{"rendered":"Sciences des Aliments et Biotechnologies (SAB)"},"content":{"rendered":"\r\n<p><img loading=\"lazy\" decoding=\"async\" width=\"20\" height=\"20\" class=\"wp-image-241\" style=\"width: 20px;\" src=\"https:\/\/gb.iut-amiens.fr\/wp-content\/uploads\/2021\/02\/logo-pdf.png\" alt=\"\" \/> <a href=\"https:\/\/gb.iut-amiens.fr\/wp-content\/uploads\/2024\/06\/BUT-GB-SAB.pdf\" data-type=\"URL\" data-id=\"https:\/\/gb.iut-amiens.fr\/wp-content\/uploads\/2021\/02\/BUT-GB-SAB.pdf\">T\u00e9l\u00e9charger la plaquette du BUT parcours SAB<\/a><br \/><div class=\"ads-custom-box custom-box \" style=\"border-color:#89be39;\"><div class=\"ads-custom-box-title\" style=\"color:#89be39;\"><strong>OBJECTIFS DE LA FORMATION<\/strong><\/div><div class=\"ads-custom-box-content\">Le <strong>B.U.T. G\u00e9nie Biologique parcours Sciences des Aliments et Biotechnologies<\/strong> forme des techniciens sup\u00e9rieurs ayant un large spectre de connaissances et de comp\u00e9tences en biologie, biochimie et Physico-chimie alimentaire, technologie alimentaire, microbiologie alimentaire, techniques analytiques, analyses de donn\u00e9es, analyse sensorielle, qualit\u00e9\u2026<\/p>\r\n\r\n\r\n\r\n<div class=\"wp-block-buttons is-layout-flex wp-block-buttons-is-layout-flex\">\r\n\r\n<\/p>\r\n<p>&#8211; Conception, recherche, \u00e9tudes et d\u00e9veloppement <br \/>&#8211; Hygi\u00e8ne, s\u00e9curit\u00e9 environnement-HSE-industriels <br \/>&#8211; M\u00e9thodes et gestion industrielles<br \/>&#8211; Direction, encadrement et pilotage de fabrication et production industrielles<br \/>&#8211; Conduite d&rsquo;\u00e9quipement et de production alimentaire<br \/>&#8211; Conduite d&rsquo;\u00e9quipement et de production chimique et pharmaceutique<\/div><\/div><\/p>\r\n\r\n\r\n\r\n<div class=\"ads-custom-box custom-box \" style=\"border-color:#89be39;\"><div class=\"ads-custom-box-title\" style=\"color:#89be39;\"><strong>M\u00c9TIERS CIBL\u00c9S<\/strong><\/div><div class=\"ads-custom-box-content\">&#8211; Assistant ing\u00e9nieur ou technicien de laboratoire de recherche, en instrumentation et en techniques exp\u00e9rimentales<br \/>&#8211; Technicien biologiste<br \/>&#8211; Technicien biochimiste<br \/>&#8211; Qualiticien management de la qualit\u00e9 en industrie<br \/>&#8211; Responsable d&rsquo;analyse et de contr\u00f4le qualit\u00e9 en industrie<br \/>&#8211; Animateur en Hygi\u00e8ne S\u00e9curit\u00e9 Environnement<br \/>&#8211; Analyste \/ technicien biologiste-physicochimie &#8211; biologie-microbiologie en industrie<br \/>&#8211; Technicien R&amp;D<br \/>&#8211; Technicien formulation<br \/>&#8211; Technicien de pro<br \/>&#8211; Technicien \/ responsable de ligne de production<br \/>&#8211; Technicien \/ responsable de fabrication en industrie alimentaire, en industrie de formation<\/div><\/div>\r\n<div class=\"ads-custom-box custom-box \" style=\"border-color:#89be39;\"><div class=\"ads-custom-box-title\" style=\"color:#89be39;\"><strong>COMP\u00c9TENCES TECHNIQUES ET SCIENTIFIQUE<\/strong>S<\/div><div class=\"ads-custom-box-content\">\r\n<ul>\r\n<li>Avoir des bases scientifiques en biologie, chimie, physique et math\u00e9matiques.<\/li>\r\n<li>Avoir un int\u00e9r\u00eat pour les manipulations pratiques en particulier en biologie et chimie\/biochimie.<\/li>\r\n<li>Savoir mobiliser ses connaissances pour r\u00e9pondre \u00e0 une r\u00e9solution de probl\u00e8me.<\/li>\r\n<li>Savoir \u00e9laborer un raisonnement structur\u00e9 et adapt\u00e9 \u00e0 une situation scientifique.<\/div><\/div><\/li>\r\n<\/ul>\r\n<p><div class=\"ads-custom-box custom-box \" style=\"border-color:#89be39;\"><div class=\"ads-custom-box-title\" style=\"color:#89be39;\"><strong>D\u00c9BOUCH\u00c9S<\/strong><\/div><div class=\"ads-custom-box-content\"><strong>Insertion professionnelle<\/strong><\/p>\r\n<p>\r\n\r\n<\/p>\r\n<ul class=\"wp-block-list\">\r\n<li>Dans le domaine de la production alimentaire, cosm\u00e9tique ou dans la production de biomol\u00e9cules.<\/li>\r\n<li>Dans les laboratoires de contr\u00f4le qualit\u00e9 ou dans les services qualit\u00e9 des bio-industries.<\/li>\r\n<li>Dans la mise en oeuvre des principaux \u00e9quipements des industries alimentaires ou biotechnologiques.<\/li>\r\n<li>En laboratoire de recherche et d\u00e9veloppement pour l&rsquo;am\u00e9lioration ou la conception de produits innovants.<\/li>\r\n<li>En laboratoire de biotechnologies.<\/div><\/div><\/li>\r\n<\/ul>\r\n<div class=\"ads-custom-box custom-box \" style=\"border-color:#89be39;\"><div class=\"ads-custom-box-title\" style=\"color:#89be39;\"><strong>POURSUITES D'\u00c9TUDES<\/strong><\/div><div class=\"ads-custom-box-content\">\r\n<ul>\r\n<li>En \u00e9coles d&rsquo;ing\u00e9nieurs (sur titre ou sur concours).<\/li>\r\n<li>En master<\/li>\r\n<li>En sp\u00e9cialisation technique ou technico-commercial<\/div><\/div><\/li>\r\n<\/ul>\r\n","protected":false},"excerpt":{"rendered":"<p>T\u00e9l\u00e9charger la plaquette du BUT parcours SAB<\/p>\n","protected":false},"author":1,"featured_media":0,"parent":89,"menu_order":0,"comment_status":"closed","ping_status":"closed","template":"","meta":{"footnotes":""},"class_list":["post-85","page","type-page","status-publish","hentry"],"_links":{"self":[{"href":"https:\/\/gb.iut-amiens.fr\/index.php?rest_route=\/wp\/v2\/pages\/85","targetHints":{"allow":["GET"]}}],"collection":[{"href":"https:\/\/gb.iut-amiens.fr\/index.php?rest_route=\/wp\/v2\/pages"}],"about":[{"href":"https:\/\/gb.iut-amiens.fr\/index.php?rest_route=\/wp\/v2\/types\/page"}],"author":[{"embeddable":true,"href":"https:\/\/gb.iut-amiens.fr\/index.php?rest_route=\/wp\/v2\/users\/1"}],"replies":[{"embeddable":true,"href":"https:\/\/gb.iut-amiens.fr\/index.php?rest_route=%2Fwp%2Fv2%2Fcomments&post=85"}],"version-history":[{"count":18,"href":"https:\/\/gb.iut-amiens.fr\/index.php?rest_route=\/wp\/v2\/pages\/85\/revisions"}],"predecessor-version":[{"id":1043,"href":"https:\/\/gb.iut-amiens.fr\/index.php?rest_route=\/wp\/v2\/pages\/85\/revisions\/1043"}],"up":[{"embeddable":true,"href":"https:\/\/gb.iut-amiens.fr\/index.php?rest_route=\/wp\/v2\/pages\/89"}],"wp:attachment":[{"href":"https:\/\/gb.iut-amiens.fr\/index.php?rest_route=%2Fwp%2Fv2%2Fmedia&parent=85"}],"curies":[{"name":"wp","href":"https:\/\/api.w.org\/{rel}","templated":true}]}}