{"id":89,"date":"2021-02-08T17:06:39","date_gmt":"2021-02-08T16:06:39","guid":{"rendered":"http:\/\/gb.iut-amiens.fr\/?page_id=89"},"modified":"2024-01-10T09:38:48","modified_gmt":"2024-01-10T08:38:48","slug":"b-u-t","status":"publish","type":"page","link":"https:\/\/gb.iut-amiens.fr\/?page_id=89","title":{"rendered":"B.U.T."},"content":{"rendered":"\r\n<div class=\"wp-block-buttons is-layout-flex wp-block-buttons-is-layout-flex\">\u00a0<\/div>\r\n\r\n\r\n\r\n<h2 class=\"has-red-color has-text-color wp-block-heading\"><strong>Le Bachelor Universitaire de Technologie &#8211; BUT<\/strong><\/h2>\r\n\r\n\r\n\r\n<p><strong>Depuis septembre 2021, l\u2019offre de formation des IUT a \u00e9volu\u00e9.<\/strong><br \/><strong>A la place du DUT, les \u00e9tudiants s\u2019inscrivent en\u00a0Bachelor Universitaire de Technologie (B.U.T.)<\/strong><br \/>\u00c0 la rentr\u00e9e 2021, le Dipl\u00f4me universitaire de Technologie (DUT) a \u00e9volu\u00e9 et avec lui, l\u2019offre de formations des IUT. L\u2019arr\u00eat\u00e9 du 6 d\u00e9cembre 2019, portant sur la r\u00e9forme de la licence professionnelle, transforme en effet le DUT en <strong>Bachelor Universitaire de Technologie<\/strong>, le B.U.T.<br \/>Au d\u00e9partement G\u00e9nie Biologique de l&rsquo;IUT d&rsquo;Amiens, deux parcours sont propos\u00e9s :<\/p>\r\n\r\n\r\n\r\n<div class=\"wp-block-buttons is-layout-flex wp-block-buttons-is-layout-flex\">\r\n<div class=\"wp-block-button\">\r\n<p><a class=\"wp-block-button__link has-background\" style=\"background-color: #89be39;\" href=\"https:\/\/gb.iut-amiens.fr\/?page_id=85\" rel=\"\"><span style=\"color: #ffffff;\">Parcours Sciences des Aliments et Biotechnologies<\/span><\/a><\/p>\r\n<\/div>\r\n<div>\u00a0<\/div>\r\n\r\n\r\n\r\n<div class=\"wp-block-button\">\r\n<p><a class=\"wp-block-button__link has-background\" style=\"background-color: #89be39;\" href=\"https:\/\/gb.iut-amiens.fr\/?page_id=98\"><span style=\"color: #ffffff;\">Parcours Agronomie<\/span><\/a><\/p>\r\n<\/div>\r\n<\/div>\r\n\r\n\r\n\r\n<p>Ce nouveau dipl\u00f4me est construit sur 3 ans (180 cr\u00e9dits) 2000 heures d&rsquo;enseignement et 600 heures de projets tutor\u00e9s (180 ECTS) r\u00e9parties en 6 semestres et comportant minimum 50% de travaux pratiques et de mises en situation professionnelle.<\/p>\r\n<div class=\"hr-fade \"><\/div>\r\n<p>\r\n\r\n\r\n\r\n\r\n\r\n<\/p>\r\n<div class=\"tds-message-box box-info \"><\/p>\r\n<h2><span style=\"color: #89be39;\">Questions fr\u00e9quentes \u00e0 propos du BUT<br \/><\/span><\/h2>\r\n<p><\/div>\r\n<div id=\"faq-936\" class=\"arconix-faq-wrap\"><div id=\"faq-QuelleestladiffrenceentreunBachelordrsquounecolepriveetleBachelorUniversitairedeTechnologie\" class=\"arconix-faq-title faq-closed\">Quelle est la diff\u00e9rence entre un Bachelor d&rsquo;une \u00e9cole priv\u00e9e et le Bachelor Universitaire de Technologie ?<\/div><div class=\"arconix-faq-content faq-closed\">Le nom de \u00ab bachelor \u00bb est la d\u00e9nomination la plus r\u00e9pandue \u00e0 l\u2019\u00e9tranger pour d\u00e9signer le bac+3. Le terme officiel fran\u00e7ais de \u00ab licence \u00bb \u00e9tant r\u00e9serv\u00e9 aux universit\u00e9s, les \u00e9coles priv\u00e9es ont utilis\u00e9 le nom de \u00ab bachelor \u00bb qui recouvre des r\u00e9alit\u00e9s tr\u00e8s diff\u00e9rentes. Seule l\u2019expression \u00ab Bachelor Universitaire de Technologie \u00bb (BUT) est r\u00e9serv\u00e9e aux IUT pour d\u00e9signer un dipl\u00f4me universitaire national reconnu \u00e0 bac+3. Pour bien diff\u00e9rencier les deux, il convient de se limiter \u00e0 l\u2019usage de \u00ab Bachelor Universitaire de Technologie \u00bb ou \u00ab BUT\u00bb .<\/div><\/div>\r\n<div id=\"faq-941\" class=\"arconix-faq-wrap\"><div id=\"faq-Quellediffrenceaveclesautresbachelorsenparticulierceuxdescolesdrsquoingnieur\" class=\"arconix-faq-title faq-closed\">Quelle diff\u00e9rence avec les autres bachelors en particulier ceux des \u00e9coles d&rsquo;ing\u00e9nieur ?<\/div><div class=\"arconix-faq-content faq-closed\"><p>Le BUT est un dipl\u00f4me national, universitaire de grade licence, public, adoss\u00e9 \u00e0 la Recherche et port\u00e9 par les r\u00e9seaux des IUT d\u00e9ploy\u00e9s sur l&rsquo;ensemble des territoires<strong>.<\/strong><\/p>\n<\/div><\/div>\r\n<div id=\"faq-943\" class=\"arconix-faq-wrap\"><div id=\"faq-Peut-ontrouverdesBUTailleursqursquoenIUT\" class=\"arconix-faq-title faq-closed\">Peut-on trouver des BUT ailleurs qu&rsquo;en IUT ?<\/div><div class=\"arconix-faq-content faq-closed\"><p>Non, le BUT et un dipl\u00f4me exclusif aux IUT.<\/p>\n<\/div><\/div>\r\n<div id=\"faq-946\" class=\"arconix-faq-wrap\"><div id=\"faq-SelonquellergleleBUTest-ilobtenu\" class=\"arconix-faq-title faq-closed\">Selon quelle r\u00e8gle le BUT est-il obtenu ?<\/div><div class=\"arconix-faq-content faq-closed\"><p>Pour obtenir le BUT il faut faire l\u2019acquisition de toutes les UEs. Chaque UE est acquise quand la moyenne de l\u2019UE est \u2265 \u00e0 10.<\/p>\n<\/div><\/div>\r\n<div id=\"faq-948\" class=\"arconix-faq-wrap\"><div id=\"faq-Quelleestladuredesstages\" class=\"arconix-faq-title faq-closed\">Quelle est la dur\u00e9e des stages ?<\/div><div class=\"arconix-faq-content faq-closed\"><p>10 \u00e0 12 semaines sur les deux premi\u00e8res ann\u00e9es (semestres 1,2,3 et 4). 12 \u00e0 14 semaines sur la derni\u00e8re ann\u00e9e (semestre 5 et 6).<\/p>\n<\/div><\/div>\r\n<div id=\"faq-950\" class=\"arconix-faq-wrap\"><div id=\"faq-Existe-t-ilunedeuximesessiondrsquoexamenpourlrsquovaluationduBUT\" class=\"arconix-faq-title faq-closed\">Existe-t-il une deuxi\u00e8me session d&rsquo;examen pour l&rsquo;\u00e9valuation du BUT ?<\/div><div class=\"arconix-faq-content faq-closed\"><p>Les IUT pratiquent une \u00e9valuation continue int\u00e9grale pour laquelle il n&rsquo;est pas pr\u00e9vu de deuxi\u00e8me session d&rsquo;examens.<\/p>\n<\/div><\/div>\r\n<div id=\"faq-952\" class=\"arconix-faq-wrap\"><div id=\"faq-Commentsepassentlesvaluations\" class=\"arconix-faq-title faq-closed\">Comment se passent les \u00e9valuations ?<\/div><div class=\"arconix-faq-content faq-closed\"><p>Articul\u00e9 sur une approche comp\u00e9tences, le dipl\u00f4me est d\u00e9livr\u00e9 sur la validation\/acquisition des comp\u00e9tences vis\u00e9es. Les comp\u00e9tences sont \u00e9valu\u00e9es \u00e0 travers des mises en situation permettant de juger de la capacit\u00e9 de l\u2019\u00e9tudiant \u00e0 mobiliser les connaissances acquises dans une mise en situation professionnelle donc un savoir-agir contextualis\u00e9. Les comp\u00e9tences s\u2019appuyant sur la mobilisation de connaissances, celles-ci peuvent donner \u00e9galement lieu \u00e0 des \u00e9valuations en tant que validation des acquis acad\u00e9miques.<\/p>\n<\/div><\/div>\r\n<div id=\"faq-954\" class=\"arconix-faq-wrap\"><div id=\"faq-Est-cequavecleBUTjesuisbloqupourfairedespoursuitesdtudescommecestlecasavecunelicencepro\" class=\"arconix-faq-title faq-closed\">Est-ce qu\u2019avec le BUT je suis bloqu\u00e9 pour faire des poursuites d\u2019\u00e9tudes (comme c\u2019est le cas avec une licence pro) ?<\/div><div class=\"arconix-faq-content faq-closed\"><p>Non, le BUT est tr\u00e8s souple : il permet d\u2019entrer sur le march\u00e9 du travail (50%) ou de poursuivre ses \u00e9tudes (50%)! Le BUT est un cursus de formation \u00e0 champ large permettant d\u2019acqu\u00e9rir des comp\u00e9tences dans un champ de m\u00e9tiers et des connaissances acad\u00e9miques solides pr\u00e9parant l\u2019\u00e9tudiant \u00e0 s\u2019ins\u00e9rer tout en lui donnant les moyens de poursuivre ses \u00e9tudes.<\/p>\n<\/div><\/div>\r\n<div id=\"faq-956\" class=\"arconix-faq-wrap\"><div id=\"faq-SijobtiensmonBUTest-cequejepeuxintgrerunecoledingnieur\" class=\"arconix-faq-title faq-closed\">Si j\u2019obtiens mon BUT, est-ce que je peux int\u00e9grer une \u00e9cole d\u2019ing\u00e9nieur ?<\/div><div class=\"arconix-faq-content faq-closed\"><p>Apr\u00e8s le BUT, je peux toujours postuler \u00e0 des admissions parall\u00e8les en \u00e9cole. Attention, en fonction des \u00e9coles, je peux les int\u00e9grer apr\u00e8s ma troisi\u00e8me ann\u00e9e de BUT ou \u00e0 la fin de ma deuxi\u00e8me ann\u00e9e de BUT. Il faut prendre les informations aupr\u00e8s des \u00e9coles. Bien que l\u2019acc\u00e8s en master ne soit pas de droit, l\u2019\u00e9tudiant dipl\u00f4m\u00e9 d\u2019un BUT pourra candidater sur dossier \u00e0 un master.<\/p>\n<\/div><\/div>\r\n<div id=\"faq-958\" class=\"arconix-faq-wrap\"><div id=\"faq-Est-cequejepeuxintgrerlatroisimeannedeBUTavecmonBTS\" class=\"arconix-faq-title faq-closed\">Est-ce que je peux int\u00e9grer la troisi\u00e8me ann\u00e9e de BUT avec mon B.T.S. ?<\/div><div class=\"arconix-faq-content faq-closed\"><p>Le BUT est con\u00e7u pour permettre son int\u00e9gration \u00e0 diff\u00e9rents moments dans le cursus, mais toujours apr\u00e8s d\u00e9lib\u00e9ration d\u2019un jury. Des BTS pourront rentrer en BUT (via la plate-forme e-candidat) mais apr\u00e8s \u00e9valuation de leur dossier et selon des pr\u00e9conisations sp\u00e9cifiques (donc parfois directement mais aussi \u00e9ventuellement avec la n\u00e9cessit\u00e9 de valider des comp\u00e9tences particuli\u00e8res avant d\u2019entrer en 3\u00e8me ann\u00e9e).<\/p>\n<\/div><\/div>\r\n","protected":false},"excerpt":{"rendered":"<p>Le Bachelor Universitaire de Technologie &#8211; BUT Depuis septembre 2021, l\u2019offre de formation des IUT a \u00e9volu\u00e9.A la place du &hellip; <\/p>\n","protected":false},"author":1,"featured_media":0,"parent":0,"menu_order":0,"comment_status":"closed","ping_status":"closed","template":"","meta":{"footnotes":""},"class_list":["post-89","page","type-page","status-publish","hentry"],"_links":{"self":[{"href":"https:\/\/gb.iut-amiens.fr\/index.php?rest_route=\/wp\/v2\/pages\/89","targetHints":{"allow":["GET"]}}],"collection":[{"href":"https:\/\/gb.iut-amiens.fr\/index.php?rest_route=\/wp\/v2\/pages"}],"about":[{"href":"https:\/\/gb.iut-amiens.fr\/index.php?rest_route=\/wp\/v2\/types\/page"}],"author":[{"embeddable":true,"href":"https:\/\/gb.iut-amiens.fr\/index.php?rest_route=\/wp\/v2\/users\/1"}],"replies":[{"embeddable":true,"href":"https:\/\/gb.iut-amiens.fr\/index.php?rest_route=%2Fwp%2Fv2%2Fcomments&post=89"}],"version-history":[{"count":26,"href":"https:\/\/gb.iut-amiens.fr\/index.php?rest_route=\/wp\/v2\/pages\/89\/revisions"}],"predecessor-version":[{"id":963,"href":"https:\/\/gb.iut-amiens.fr\/index.php?rest_route=\/wp\/v2\/pages\/89\/revisions\/963"}],"wp:attachment":[{"href":"https:\/\/gb.iut-amiens.fr\/index.php?rest_route=%2Fwp%2Fv2%2Fmedia&parent=89"}],"curies":[{"name":"wp","href":"https:\/\/api.w.org\/{rel}","templated":true}]}}