{"id":98,"date":"2021-02-08T22:22:39","date_gmt":"2021-02-08T21:22:39","guid":{"rendered":"http:\/\/gb.iut-amiens.fr\/?page_id=98"},"modified":"2024-06-06T11:44:04","modified_gmt":"2024-06-06T09:44:04","slug":"parcours-agronomie","status":"publish","type":"page","link":"https:\/\/gb.iut-amiens.fr\/?page_id=98","title":{"rendered":"Agronomie"},"content":{"rendered":"\r\n<p><img loading=\"lazy\" decoding=\"async\" width=\"20\" height=\"20\" class=\"wp-image-241\" style=\"width: 20px;\" src=\"https:\/\/gb.iut-amiens.fr\/wp-content\/uploads\/2021\/02\/logo-pdf.png\" alt=\"\" \/> <a href=\"https:\/\/gb.iut-amiens.fr\/wp-content\/uploads\/2024\/06\/BUT-GB-Agro.pdf\" data-type=\"URL\" data-id=\"https:\/\/gb.iut-amiens.fr\/wp-content\/uploads\/2021\/02\/BUT-GB-SAB.pdf\">T\u00e9l\u00e9charger la plaquette du BUT parcours Agronomie<\/a><br \/><div class=\"ads-custom-box custom-box \" style=\"border-color:#89be39;\"><div class=\"ads-custom-box-title\" style=\"color:#89be39;\"><strong>OBJECTIFS DE LA FORMATION<\/strong><\/div><div class=\"ads-custom-box-content\">Le <strong>B.U.T. G\u00e9nie Biologique parcours Sciences des Agronomie<\/strong> forme des techniciens sup\u00e9rieurs ayant un large spectre de connaissances et de comp\u00e9tences en biologie, agronomie, agro-\u00e9cologie, biotechnologies, g\u00e9n\u00e9tique, qualit\u00e9, \u00e9conomie agricole, gestion, analyse de donn\u00e9es&#8230;<\/p>\r\n\r\n\r\n\r\n\r\n\r\n\r\n\r\n<p>Ils participent \u00e0 l&rsquo;am\u00e9lioration des pratiques agricoles par la recherche et le d\u00e9veloppement de nouvelles m\u00e9thodes de production.<br \/>Ils accompagneront \u00e9galement les agriculteurs dans la mise en place de pratiques et d&rsquo;outils plus respectueux de l&rsquo;environnement.<\/p>\r\n\r\n\r\n\r\n<p class=\"has-red-color has-text-color\"><strong>La formation s&rsquo;articule autour de 5 comp\u00e9tences techniques et scientifiques :<\/strong><\/p>\r\n\r\n\r\n\r\n<ul class=\"wp-block-list\">\r\n<li>R\u00e9aliser des analyses dans les domaines de la biologie.<\/li>\r\n<li>Exp\u00e9rimenter pour le G\u00e9nie Biologique.<\/li>\r\n<li>Conduire les productions agricoles.<\/li>\r\n<li>Conseiller le secteur agricole.<\/li>\r\n<li>Innover en Agronomie.<\/div><\/div><\/li>\r\n<\/ul>\r\n<div class=\"ads-custom-box custom-box \" style=\"border-color:#89be39;\"><div class=\"ads-custom-box-title\" style=\"color:#89be39;\"><strong>COMP\u00c9TENCES TECHNIQUES ET SCIENTIFIQUES<\/strong><\/div><div class=\"ads-custom-box-content\">\r\n<div class=\"wp-block-buttons\">\r\n<div>\r\n<ul>\r\n<li>Avoir des bases scientifiques en biologie, chimie, physique et math\u00e9matiques.<\/li>\r\n<li>Avoir un int\u00e9r\u00eat pour les manipulations pratiques en particulier en biologie et chimie \/ biochimie.<\/li>\r\n<li>Savoir mobiliser ses connaissances pour r\u00e9pondre \u00e0 une r\u00e9solution de probl\u00e8me.<\/li>\r\n<li>Savoir \u00e9laborer un raisonnement structur\u00e9 et adapt\u00e9 \u00e0 une situation scientifique.<\/div><\/div><\/li>\r\n<\/ul>\r\n<div class=\"wp-block-buttons\">\r\n<div>\u00a0<\/div>\r\n<\/div>\r\n<\/div>\r\n<\/div>\r\n<div class=\"wp-block-buttons\">\r\n<div>\r\n<div class=\"ads-custom-box custom-box \" style=\"border-color:#89be39;\"><div class=\"ads-custom-box-title\" style=\"color:#89be39;\"><strong>SECTEURS VIS\u00c9S<\/strong><\/div><div class=\"ads-custom-box-content\">Les secteurs vis\u00e9s sont les secteurs agricoles et para-agricoles.<br \/>&#8211; \u00c9tudes et assistance technique (conseil et assistance technique en agriculture et environnement naturel, contr\u00f4le et diagnostic technique en agriculture, ing\u00e9nierie en agriculture et environnement naturel)<br \/>&#8211; Production Intervention techniques en \u00e9tudes<br \/>&#8211; Intervention technique en \u00e9tudes, recherche et d\u00e9veloppement, d\u00e9veloppement territorial et emploi<br \/>&#8211; Espaces naturels et espaces verts <\/div><\/div>\r\n<\/div>\r\n<\/div>\r\n<div class=\"ads-custom-box custom-box \" style=\"border-color:#89be39;\"><div class=\"ads-custom-box-title\" style=\"color:#89be39;\"><strong>M\u00c9TIERS CIBL\u00c9S<\/strong><\/div><div class=\"ads-custom-box-content\">&#8211; Animateur, conseiller agricole, conseiller d&rsquo;agriculture, conseiller d&rsquo;\u00e9levage, conseiller forestier, conseiller de gestion agricole, conseiller technique agricole<br \/>&#8211; Technicien bovin, avicole, caprin, ovin, porcin, \u00e9quin<br \/>&#8211; Technicien d&rsquo;\u00e9levage, de culture mara\u00eech\u00e8re<br \/>&#8211; Charg\u00e9 d&rsquo;\u00e9tudes agricoles, en biodiversit\u00e9, en d\u00e9veloppement agricole, rural<br \/>&#8211; Conseiller et assistant technique en agriculture et environnement naturel<br \/>&#8211; Technicien de contr\u00f4le et\/ou de diagnostic technique<br \/>&#8211; Agriculteur, cultivateur, \u00e9leveur, r\u00e9gisseur d&rsquo;exploitation, chef d&rsquo;exploitation<br \/>&#8211; Producteur<br \/>&#8211; Aide v\u00e9t\u00e9rinaire<\/div><\/div>\r\n<p><div class=\"ads-custom-box custom-box \" style=\"border-color:#89be39;\"><div class=\"ads-custom-box-title\" style=\"color:#89be39;\"><strong>D\u00c9BOUCH\u00c9S<\/strong><\/div><div class=\"ads-custom-box-content\"><strong>Insertion professionnelle<\/strong><\/p>\r\n\r\n\r\n\r\n\r\n\r\n\r\n\r\n\r\n\r\n\r\n\r\n<ul class=\"wp-block-list\">\r\n<li>Dans les organismes agricoles : chambres d&rsquo;agriculture, coop\u00e9ratives, groupements de producteurs.<\/li>\r\n<li>Dans les organismes de d\u00e9veloppement local et les organismes de conseil agricole.<\/li>\r\n<li>Dans les organismes de recherche publique et priv\u00e9e : INRAE, instituts techniques.<\/li>\r\n<li>En laboratoire de recherche et d\u00e9veloppement pour l&rsquo;am\u00e9lioration ou la conception de produits innovants.<\/li>\r\n<li>Dans les industries de l&rsquo;agrochimie, des semences, de s\u00e9lection.<\/li>\r\n<li>Dans les secteurs technico-commerciaux<\/div><\/div><\/li>\r\n<\/ul>\r\n<div class=\"ads-custom-box custom-box \" style=\"border-color:#89be39;\"><div class=\"ads-custom-box-title\" style=\"color:#89be39;\"><strong>POURSUITES D'\u00c9TUDES<\/strong><\/div><div class=\"ads-custom-box-content\">\r\n<div class=\"wp-block-buttons\"><\/div>\r\n<!-- \/wp:post-content -->\r\n\r\n<!-- wp:list -->\r\n<ul>\r\n<li>En \u00e9coles d&rsquo;ing\u00e9nieurs (sur titre ou sur concours).<\/li>\r\n<li>En master<\/li>\r\n<li>En sp\u00e9cialisation technique ou technico-commercial<\/div><\/div><\/li>\r\n<\/ul>\r\n<!-- \/wp:list -->\r\n\r\n<!-- wp:paragraph -->\r\n<p>&nbsp;<\/p>\r\n<!-- \/wp:paragraph -->","protected":false},"excerpt":{"rendered":"<p>T\u00e9l\u00e9charger la plaquette du BUT parcours Agronomie \u00a0 &nbsp;<\/p>\n","protected":false},"author":1,"featured_media":0,"parent":89,"menu_order":1,"comment_status":"closed","ping_status":"closed","template":"","meta":{"footnotes":""},"class_list":["post-98","page","type-page","status-publish","hentry"],"_links":{"self":[{"href":"https:\/\/gb.iut-amiens.fr\/index.php?rest_route=\/wp\/v2\/pages\/98","targetHints":{"allow":["GET"]}}],"collection":[{"href":"https:\/\/gb.iut-amiens.fr\/index.php?rest_route=\/wp\/v2\/pages"}],"about":[{"href":"https:\/\/gb.iut-amiens.fr\/index.php?rest_route=\/wp\/v2\/types\/page"}],"author":[{"embeddable":true,"href":"https:\/\/gb.iut-amiens.fr\/index.php?rest_route=\/wp\/v2\/users\/1"}],"replies":[{"embeddable":true,"href":"https:\/\/gb.iut-amiens.fr\/index.php?rest_route=%2Fwp%2Fv2%2Fcomments&post=98"}],"version-history":[{"count":16,"href":"https:\/\/gb.iut-amiens.fr\/index.php?rest_route=\/wp\/v2\/pages\/98\/revisions"}],"predecessor-version":[{"id":1044,"href":"https:\/\/gb.iut-amiens.fr\/index.php?rest_route=\/wp\/v2\/pages\/98\/revisions\/1044"}],"up":[{"embeddable":true,"href":"https:\/\/gb.iut-amiens.fr\/index.php?rest_route=\/wp\/v2\/pages\/89"}],"wp:attachment":[{"href":"https:\/\/gb.iut-amiens.fr\/index.php?rest_route=%2Fwp%2Fv2%2Fmedia&parent=98"}],"curies":[{"name":"wp","href":"https:\/\/api.w.org\/{rel}","templated":true}]}}